{"id":21,"date":"2015-07-09T22:00:18","date_gmt":"2015-07-09T21:00:18","guid":{"rendered":"http:\/\/stichtingmilijuli.org\/?page_id=21"},"modified":"2015-09-19T09:45:41","modified_gmt":"2015-09-19T08:45:41","slug":"domini","status":"publish","type":"page","link":"https:\/\/stichtingmilijuli.org\/wordpress.php\/domini\/","title":{"rendered":"Domini"},"content":{"rendered":"<div id=\"Header\"><img loading=\"lazy\" decoding=\"async\" class=\"aligncenter  wp-image-374\" src=\"http:\/\/stichtingmilijuli.org\/wp-content\/uploads\/2015\/07\/Header_Domini-300x40.jpg\" alt=\"Header_Domini-300x40\" width=\"543\" height=\"107\" \/><\/div>\n<div id=\"Content\">\n<h1>Hulp voor Domini Sherpa<\/h1>\n<h2>Inleiding<\/h2>\n<div id=\"kolomLinks\">Bij het bezoek aan de Jana Jyoti Primary School werd me verteld dat een van de kinderen, die we daar sponsoren, al een half jaar niet meer naar school kon als gevolg van een val. Dat was Domini Sherpa, die al slecht kon lopen doordat ze haar rechter knie niet meer recht kan buigen. Ze was al met haar vader naar het ziekenhuis in Okhaldhunga geweest, maar daar had men haar niet kunnen helpen. Haar vader had haar naar de school gedragen en ze verplaatste zich daar met behulp van een telescoopstok. Het was duidelijk te zien dat het been haar pijn deed. Normaal herstelt een kind toch redelijk snel van een val en een botbreuk zou men in het ziekenhuis van Okhaldhunga toch wel gezien hebben?<\/div>\n<div id=\"kolomRechts\">Tijdens de verdere trekking liet me dat niet meer los.In de doelstelling van de stichting staat niets over medische hulp, daar hebben we geen verstand van &#8211; we helpen de mensen om hun kinderen een betere scholing te geven. Maar dan moet je wel eerst de mogelikheid hebben om naar school te gaan.<br \/>\nToen we in Sangutar afscheid namen van de dragers heb ik de vader gevraagd of hij zijn dochter, op onze kosten, voor onderzoek naar Kathmandu wilde brengen. Afhankelijk van dat resultaat zouden we dan over het hoe en wat van een eventuele behandeling kunnen beslissen. Hij nam dat voorstel graag aan en ik gaf hem een voorschot voor de reiskosten.<br \/>\nBij terugkeer in Kathmandu zal ik voorbereidend werk doen.<br \/>\nZoals gepland ga ik vervolgens naar Chitwan en bij terugkomst verwacht ik Domini dan in Kathmandu.<\/div>\n<h2>In Kathmandu<\/h2>\n<div id=\"kolomLinks\"><a href=\"http:\/\/stichtingmilijuli.org\/wp-content\/uploads\/2015\/07\/20091125-124912_C5D20_Ziekenhuis-150x150.jpg\"><img loading=\"lazy\" decoding=\"async\" class=\"aligncenter size-full wp-image-375\" src=\"http:\/\/stichtingmilijuli.org\/wp-content\/uploads\/2015\/07\/20091125-124912_C5D20_Ziekenhuis-150x150.jpg\" alt=\"20091125-124912_C5D20_Ziekenhuis-150x150\" width=\"150\" height=\"150\" \/><\/a><\/div>\n<div id=\"kolomRechts\">In Kathmandu moet er natuurlijk eerst een ziekenhuis gekozen gaan worden. Het toeval wil dat er dicht bij het huis waar Kame Sherpa in Kathmandu woont een orthopedisch ziekenhuis ligt. Hij had er geen persoonlijke ervaring mee, maar volgens hem stond dat ziekenhuis heel goed aangeschreven bij de plaatselijke bevolking. Verder kon hij Domini, in Kathmandu, zolang als nodig zou zijn, onderdak bieden. Hij leeft er met zijn gezin in twee kamers. Ook in mijn hotel bevestigt men dat het een goed ziekenhuis is. Daarom besluit ik daar eens te gaan kijken. Ik kan natuurlijk niet de kwaliteit van het ziekenhuis beoordelen maar ik kan wel zien zien of het schoon is en of het geheel een ordelijke indruk maakt.<\/div>\n<div id=\"tweekoloms\">_________________________<\/div>\n<div id=\"kolomLinks\">Bovendien moet ik te weten komen hoe de procedures zijn wanneer je een patient wil sponsoren. Ik durf het namelijk wel aan om me garant te stellen voor de kosten van een eerste onderzoek, maar daarna komt, als het goed is een behandeling en die kan onverwacht duur zijn. Ik moet dus, na het opstellen van een behandelplan kunnen beslissen of dat direct uitgevoerd kan worden of dat er eerst geld ingezameld moet worden.<br \/>\nHet ziekenhuis ligt een stuk van de hoofdweg af, in een parkachtige omgeving. Alles ziet er goed onderhouden uit. In de hal, bij de ingang, is het een gezellige drukte, maar alles heeft zijn plaats en de meeste patienten of bezoekers zitten op een stoel op hun beurt te wachten. Een paar mensen lopen zoekend rond en schuiven het gordijn voor de ingang van een behandelkamer opzij om binnen te kunnen kijken. Het is ook moeilijk wanneer je de bordjes niet kunt lezen. Zo komen ze ook bij de ontvangstbalie, waar ze aanwijzingen krijgen.<\/div>\n<div id=\"kolomRechts\">\n<div id=\"imgboxVierkantB\"><a href=\"http:\/\/stichtingmilijuli.org\/wp-content\/uploads\/2015\/07\/20091125-121334_C5D15_Plaquette.jpg\"><img loading=\"lazy\" decoding=\"async\" class=\"aligncenter size-full wp-image-376\" src=\"http:\/\/stichtingmilijuli.org\/wp-content\/uploads\/2015\/07\/20091125-121334_C5D15_Plaquette.jpg\" alt=\"20091125-121334_C5D15_Plaquette\" width=\"290\" height=\"184\" \/><\/a><\/div>\n<p>Wat verder doorlopend zie ik een plaquette, waarop staat dat die vleugel gebouwd is van het geld dat door een Nederlandse stichting geschonken werd.<br \/>\nNa niet al te lange tijd kan ik bij een dokter terecht om mijn verhaal te vertellen en na nog een paar pati\u00ebnten geholpen te hebben brengt hij me naar de financieel directeur. Onderweg zie ik dat de gangen schoon zijn en zonder obstakels. De dokter &#8211; sorry ik ben zijn naam vergeten &#8211; wijst me ook op de van een Nederlandse schenking gebouwde vleugel en vertelt dat een Nederlandse vrouw, Ocky Pladet, die in de zeventig is, nog elk jaar drie maanden komt helpen. Wilt U meer weten over deze dame dan kunt U onder andere eens kijken op<a href=\"http:\/\/www.stichtingkinderenvankathmandu.nl\" target=\"_blank\">http:\/\/www.stichtingkinderenvankathmandu.nl<\/a>.<\/p>\n<\/div>\n<div id=\"tweekoloms\">_________________________<\/div>\n<div id=\"kolomLinks\">De directeur onderbrak voor mij een onderhoud met twee andere mensen. Van wat hij mij over de kosten vertelde viel me de mond bijna open &#8211; het eerste consult kost 70 roepie, maar daar komen wel de eventueel noodzakelijke laboratoriumonderzoeken nog bij. Over de daarna voorgestelde behandeling kon elk moment overleg gepleegd worden. Opgelucht verliet ik zijn kamer en deed mijn schoenen weer aan.<br \/>\nOp de terugweg heb ik nog even bij de &#8216;Ocky Pladet Children&#8217;s Ward&#8217; naar binnen gegluurd.<br \/>\nMet Kame Sherpa heb ik daarna afgesproken dat hij de vader van Domini zou vragen om uiterlijk 4 december met Domini naar het ziekenhuis te gaan. Volgens de planning kom ik op 5 december terug uit Chitwan en dan kunnen we de volgende dag naar het ziekenhuis om te horen wat de mogelijkheden zijn en we kunnen vervolgens een besluit nemen over hoe we verder gaan.<\/div>\n<div id=\"kolomRechts\"><a href=\"http:\/\/stichtingmilijuli.org\/wp-content\/uploads\/2015\/07\/20091125-124648_C5D16_Ward.jpg\"><img loading=\"lazy\" decoding=\"async\" class=\"aligncenter size-full wp-image-377\" src=\"http:\/\/stichtingmilijuli.org\/wp-content\/uploads\/2015\/07\/20091125-124648_C5D16_Ward.jpg\" alt=\"20091125-124648_C5D16_Ward\" width=\"465\" height=\"310\" srcset=\"https:\/\/stichtingmilijuli.org\/wp-content\/uploads\/2015\/07\/20091125-124648_C5D16_Ward.jpg 465w, https:\/\/stichtingmilijuli.org\/wp-content\/uploads\/2015\/07\/20091125-124648_C5D16_Ward-300x200.jpg 300w, https:\/\/stichtingmilijuli.org\/wp-content\/uploads\/2015\/07\/20091125-124648_C5D16_Ward-272x182.jpg 272w\" sizes=\"auto, (max-width: 465px) 100vw, 465px\" \/><\/a><\/div>\n<div id=\"tweekoloms\">_________________________<\/div>\n<div id=\"kolomLinks\"><strong>5 december:<\/strong><br \/>\nTerug komend uit Chitwan gaan we eerst bij Kame thuis aan. Omdat Domini zichzelf niet kan helpen is haar zus, Pemba, meegekomen. Domini is in het ziekenhuis geweest, er is laboratoriumonderzoek gedaan en er is een r\u00f6ntgenfoto van de knie gemaakt, maar uitslagen zijn nog niet bekend. Ze hebben een pati\u00ebntenboekje, een grote enveloppe, met de r\u00f6ntgenfoto en een paar kwitanties van betaalde rekeningen (laboratoriumtests NRs 805 en voor de r\u00f6ntgenopname 225).<br \/>\nOp maandag 7 december kunnen we om 11 uur voor de uitslag terecht in het ziekenhuis.<\/div>\n<div id=\"kolomRechts\"><strong>6 december:<\/strong><br \/>\nIk had naar Pharping willen gaan, maar er is een staking uitgeroepen. Verkeer, zelfs fietsen, is niet mogelijk.<br \/>\nIk maak dankbaar gebruik van deze gelegenheid om in de stad te gaan fotograferen zonder last te hebben van auto&#8217;s. In Thamel blijkt weer eens dat de wereld maar klein is &#8211; ik kom er Simone en Erik tegen, die ik vorig jaar tijdens de Helambutrekking heb leren kennen. Ze hadden deze keer een korte trekking ten noorden van Syabrubensi gemaakt, een Tamang gebied dat pas 3 jaar opengesteld is voor trekkings en waar het toerisme nog niet zijn negatieve sporen heeft achtergelaten. Een aanrader volgens hen.<\/div>\n<div id=\"tweekoloms\">_________________________<\/div>\n<div id=\"kolomLinks\"><strong>7 december:<\/strong><br \/>\nVoordat we bij de dokter terecht kunnen moeten we eerst naar het laboratorium om de resultaten van de tests in het pati\u00ebntenboekje te laten bijschrijven. Bij de dokter krijgen we vervolgens te horen dat hij er voor 80 procent zeker van is dat Domini lijdt aan tuberculose. Om meer zekerheid te krijgen wil hij nog een longfoto laten maken en een sputumtest laten uitvoeren.<\/p>\n<div id=\"imgboxPortretFR\"><a href=\"http:\/\/stichtingmilijuli.org\/wp-content\/uploads\/2015\/07\/20091207-134644_C5D1_Domini.jpg\"><img loading=\"lazy\" decoding=\"async\" class=\"aligncenter size-full wp-image-379\" src=\"http:\/\/stichtingmilijuli.org\/wp-content\/uploads\/2015\/07\/20091207-134644_C5D1_Domini.jpg\" alt=\"20091207-134644_C5D1_Domini\" width=\"310\" height=\"465\" srcset=\"https:\/\/stichtingmilijuli.org\/wp-content\/uploads\/2015\/07\/20091207-134644_C5D1_Domini.jpg 310w, https:\/\/stichtingmilijuli.org\/wp-content\/uploads\/2015\/07\/20091207-134644_C5D1_Domini-200x300.jpg 200w, https:\/\/stichtingmilijuli.org\/wp-content\/uploads\/2015\/07\/20091207-134644_C5D1_Domini-300x450.jpg 300w\" sizes=\"auto, (max-width: 310px) 100vw, 310px\" \/><\/a><\/p>\n<p class=\"Small\">Domini heeft hier haar schooluniform aan<\/p>\n<\/div>\n<\/div>\n<div id=\"kolomRechts\">De standaard behandeling in dergelijke gevallen is een medicijnenkuur van 6 maanden, het langzaam rechtbuigen van de knie en die dan zo fixeren. Domini zal haar knie nooit meer kunnen buigen, maar zich goed kunnen redden en niet dood gaan aan tuberculose.<br \/>\nDe medicijnen, ter bestrijding van de tuberculose, zullen volledig door de staat betaald worden. Hij geeft ons recepten voor de longfoto en de sputumtest mee.<br \/>\nDe sputumtest wordt op een andere lokatie in de stad afgenomen, maar de longfoto kan hier gemaakt worden. Met het recept voor de r\u00f6ntgenfoto gaan we naar een loket om te betalen en met de kwitantie, die we daar krijgen melden we ons op de r\u00f6ntgenafdeling, waar Domini al snel aan de beurt is. Na een kwartiertje komt er een laborant naar buiten met een stapeltje foto&#8217;s, die hij in grote enveloppen doet en aan de pati\u00ebnten uitreikt. Onze foto brachten we direkt naar de dokter. Domini werd tijdens onze verplaatsingen in het ziekenhuis vaak gedragen. Ik had haar al zo vaak mogelijk geholpen en verbaasde me erover dat nog niemand haar een stel krukken had gegeven. Daarom vroeg ik de dokter waar ik die zou kunnen kopen. Als reactie kreeg ik een recept, waarmee ik hier in het ziekenhuis naar de apotheek kon gaan. Daar lukte het niet om de goede maat houten krukken te vinden. Daarom werden het aluminium krukken. De prijs daarvan was 850 roepies. Houten exemplaren zouden 500 roepies gekost hebben. Domini kon er al snel mee overweg en was blij met de extra mobiliteit.<br \/>\nDe sputumtest kon niet vandaag al uitgevoerd worden. De test houdt in dat drie ochtenden achter elkaar een potje met wat speeksel ingeleverd wordt. De uitslag zal dus pas bekend zijn wanneer ik alweer thuis ben aangekomen.<\/div>\n<div id=\"tweekoloms\">_________________________Via e-mail wordt ik verder op de hoogte gehouden.<\/div>\n<div id=\"kolomLinks\"><strong>12 december:<\/strong><br \/>\nEr is voor morgen een operatie gepland om de toestand van het bot te beoordelen en om een biopt te nemen dat nodig is om vast te stellen welke bacterie er precies bestreden zal moeten worden. De diagnose is dus nog niet definitief. Er moest een borgsom van NRs 8000 voor de operatie en NRs 3000 voor medicijnen gestort worden.<br \/>\nEen bed kost in het ziekenhuis NRs 250 per dag.<br \/>\n<strong>14 december:<\/strong><br \/>\nEr is gisteren een operatie uitgevoerd, waarbij de conditie van de knie is bekeken en er een biopt is genomen. Het biopt wordt voor een weefselkweek naar India gestuurd. Het vermoeden van de doktoren dat Domini ook na een operatie geen goed funktionerende knie krijgt is bevestigd. Ze geven aan dat een amputatie wel eens de beste oplossing zou kunnen zijn. Afgesproken is dat hierover niet beslist zal worden zonder eerst met de ouders te overleggen. Die komen morgen naar Kathmandu.<\/div>\n<div id=\"kolomRechts\"><strong>18 december:<\/strong><br \/>\nDomini&#8217;s ouders zijn nu in Kathmandu en er staat voor zondag een operatie gepland, waarbij een stalen frame in of om haar knie wordt aangebracht. Wat er precies gaat gebeuren is niet helemaal duidelijk.<br \/>\n<strong>22 december:<\/strong><br \/>\nDe geplande operatie is vanwege politieke onlusten uitgesteld.<br \/>\n<strong>30 december:<\/strong><br \/>\nDe operatie is vandaag of anders vrijdag. Het resultaat van de weefselkweek is binnen. De diagnose tuberculose is bevestigd en de bacterie is bekend.<br \/>\nDe doktoren zijn van plan om het goede deel van Domini&#8217;s been te sparen en &#8216;wat staal&#8217; aan te brengen. er zal geen kunstbeen nodig zijn, maar ze zal haar knie niet meer kunnen buigen. Haar verblijf in het ziekenhuis zou wel eens 6 maanden kunnen gaan duren.<\/div>\n<div id=\"tweekoloms\">_________________________<\/div>\n<div id=\"kolomLinks\"><strong>2 januari:<\/strong><br \/>\nDe operatie is weer niet doorgegaan en staat nu voor 3 januari op het rooster.<\/div>\n<div id=\"kolomRechts\"><strong>8 januari:<\/strong><br \/>\nDe operatie is uiteindelijk op 5 januari uitgevoerd. Kame Sherpa heeft onderstaande foto&#8217;s van Domini gemaakt. Ze heeft nog veel pijn.<br \/>\nIk vraag Kame om een cadeautje voor haar te kopen, om te laten blijken dat we aan haar denken.<\/div>\n<div id=\"kolomLinks\"><a href=\"http:\/\/stichtingmilijuli.org\/wp-content\/uploads\/2015\/07\/2009-Domini_Operation-01-150x150.jpg\"><img loading=\"lazy\" decoding=\"async\" class=\"aligncenter size-full wp-image-380\" src=\"http:\/\/stichtingmilijuli.org\/wp-content\/uploads\/2015\/07\/2009-Domini_Operation-01-150x150.jpg\" alt=\"2009-Domini_Operation-01-150x150\" width=\"150\" height=\"150\" \/><\/a><\/div>\n<div id=\"kolomRechts\"><a href=\"http:\/\/stichtingmilijuli.org\/wp-content\/uploads\/2015\/07\/2009-Domini_Operation-02.jpg\"><img loading=\"lazy\" decoding=\"async\" class=\"aligncenter size-full wp-image-381\" src=\"http:\/\/stichtingmilijuli.org\/wp-content\/uploads\/2015\/07\/2009-Domini_Operation-02.jpg\" alt=\"2009-Domini_Operation-02\" width=\"465\" height=\"310\" srcset=\"https:\/\/stichtingmilijuli.org\/wp-content\/uploads\/2015\/07\/2009-Domini_Operation-02.jpg 465w, https:\/\/stichtingmilijuli.org\/wp-content\/uploads\/2015\/07\/2009-Domini_Operation-02-300x200.jpg 300w, https:\/\/stichtingmilijuli.org\/wp-content\/uploads\/2015\/07\/2009-Domini_Operation-02-272x182.jpg 272w\" sizes=\"auto, (max-width: 465px) 100vw, 465px\" \/><\/a><\/div>\n<div id=\"tweekoloms\">_________________________<\/div>\n<div id=\"kolomLinks\"><strong>14 januari:<\/strong><br \/>\nDomini is op 12 januari ontslagen uit het ziekenhuis. Dat was mogelijk omdat ze zo dichtbij woont, Ze moet wel om de 3 &#8211; 4 dagen naar het ziekenhuis voor het bijstellen van het stalen frame en het wisselen van verband. Met de krukken kan ze zich al goed bewegen. Als cadeautje kocht Kame haar een trui. Het is nu namelijk regelmatig koud in Kathmandu.<br \/>\nDe totale kosten tot en met 31 december waren NRs 29.971,-. Doordat ze nu bij Kame thuis woont gaan de verblijfskosten flink omlaag. Voor haar en haar zus bedragen die nu NRs 200,- per dag, per persoon.<\/div>\n<div id=\"kolomRechts\"><strong>5 februari:<\/strong><br \/>\nEr is weer een r\u00f6ntgenfoto gemaakt. De doktoren nemen aan dat Domini over 3 tot 4 maanden volledig hersteld zal zijn.<br \/>\n<strong>13 februari:<\/strong><br \/>\nHet gaat goed met Domini.<br \/>\nDe kosten voor januari waren NRs. 43,444,-.<br \/>\nDaarvan zijn 8.000,- roepies voor de verblijfskosten van Domini en haar zus.<br \/>\n<strong>23 februari:<\/strong><br \/>\nDomini had wat nieuwe kleren nodig. Kame heeft haar, voor 700 roepies, een broek en een shirt gekocht.<br \/>\nHet gaat goed met haar.<\/div>\n<div id=\"tweekoloms\">_________________________<\/div>\n<div id=\"kolomLinks\"><strong>12 maart:<\/strong><br \/>\nAlles gaat goed. Geen complicaties. Er wordt binnenkort weer een r\u00f6ntgenfoto gemaakt.<br \/>\nDe kosten voor februari waren NRs 21.234,-.<\/div>\n<div id=\"kolomRechts\"><\/div>\n<div id=\"tweekoloms\">_________________________<\/div>\n<div id=\"kolomLinks\"><strong>30 maart<\/strong><br \/>\n<a href=\"http:\/\/stichtingmilijuli.org\/wp-content\/uploads\/2015\/07\/20100330-101623_C5D10_Domini.jpg\"><img loading=\"lazy\" decoding=\"async\" class=\"aligncenter size-full wp-image-382\" src=\"http:\/\/stichtingmilijuli.org\/wp-content\/uploads\/2015\/07\/20100330-101623_C5D10_Domini.jpg\" alt=\"20100330-101623_C5D10_Domini\" width=\"465\" height=\"698\" srcset=\"https:\/\/stichtingmilijuli.org\/wp-content\/uploads\/2015\/07\/20100330-101623_C5D10_Domini.jpg 465w, https:\/\/stichtingmilijuli.org\/wp-content\/uploads\/2015\/07\/20100330-101623_C5D10_Domini-200x300.jpg 200w, https:\/\/stichtingmilijuli.org\/wp-content\/uploads\/2015\/07\/20100330-101623_C5D10_Domini-300x450.jpg 300w\" sizes=\"auto, (max-width: 465px) 100vw, 465px\" \/><\/a><\/div>\n<div id=\"kolomRechts\"><a href=\"http:\/\/stichtingmilijuli.org\/wp-content\/uploads\/2015\/07\/20100330-103537_C5D20_Domini.jpg\"><img loading=\"lazy\" decoding=\"async\" class=\"aligncenter size-full wp-image-383\" src=\"http:\/\/stichtingmilijuli.org\/wp-content\/uploads\/2015\/07\/20100330-103537_C5D20_Domini.jpg\" alt=\"20100330-103537_C5D20_Domini\" width=\"465\" height=\"310\" srcset=\"https:\/\/stichtingmilijuli.org\/wp-content\/uploads\/2015\/07\/20100330-103537_C5D20_Domini.jpg 465w, https:\/\/stichtingmilijuli.org\/wp-content\/uploads\/2015\/07\/20100330-103537_C5D20_Domini-300x200.jpg 300w, https:\/\/stichtingmilijuli.org\/wp-content\/uploads\/2015\/07\/20100330-103537_C5D20_Domini-272x182.jpg 272w\" sizes=\"auto, (max-width: 465px) 100vw, 465px\" \/><\/a><br \/>\nAnita, Jan en ik, Ton, hadden de gelegenheid voor een kort verblijf in Kathmandu.<br \/>\nWe zijn natuurlijk gaan kijken hoe het met Domini ging.<br \/>\nZe is vol goede moed en opgewekt. Haar been wordt langzaam recht.<br \/>\nIk heb nu geleerd dat de blouse en broek, die Kame vorige maand voor haar gekocht heeft, en die ze op de foto&#8217;s draagt, een kurta sulawar heet.<\/div>\n<div id=\"tweekoloms\">_________________________<\/div>\n<div id=\"kolomLinks\"><strong>11 mei:<\/strong><br \/>\nAlles gaat goed. Geen complicaties.<br \/>\nDe kosten voor maart waren NRs 13.146,-.<br \/>\nDie voor april NRs 12.300,-.<\/div>\n<div id=\"kolomRechts\"><strong>4 juni:<\/strong><br \/>\nOp 2 juni werd Domini weer opgenomen in het ziekenhuis om de volgende dag geopereerd te worden. De stalen pennen, die gebruikt werden om haar knie recht te buigen, werden verwijderd.<br \/>\nZe is nu in de laatste fase van haar behandeling, de revalidatie. De wonden moeten genezen en ze moet leren lopen zonder krukken.<br \/>\nDe kosten voor mei waren NRs 13.305,-.<\/div>\n<div id=\"tweekoloms\">_________________________<\/div>\n<div id=\"kolomLinks\"><strong>14 juni:<\/strong><br \/>\nAlles gaat goed. Geen complicaties.<br \/>\nZe is uit het ziekenhuis ontslagen en ze wordt daar alleen terug verwacht indien er onverhoopt problemen zijn.<\/div>\n<div id=\"kolomRechts\"><strong>1 augustus:<\/strong><br \/>\nOp 20 juli is Domini, samen met haar vader, naar huis gegaan. Binnenshuis gebruikt ze de krukken al niet meer. Buitenshuis alleen wanneer er langere stukken gelopen moeten worden of wanneer ze zich op een minder goede weg onzeker voelt.<br \/>\nDe kosten voor juni waren NRs 26.250,-.<br \/>\nDe kosten voor juli waren NRs 8.050,-.<\/div>\n<div id=\"tweekoloms\">\n<div>\n<p><a>Terug<\/a><\/p>\n<\/div>\n<div><strong>We zijn blij dat we Domini hebben kunnen helpen.<br \/>\nWe sluiten hiermee dit project.<\/strong><\/div>\n<\/div>\n<\/div>\n<p>&nbsp;<\/p>\n","protected":false},"excerpt":{"rendered":"<p>Hulp voor Domini Sherpa Inleiding Bij het bezoek aan de Jana Jyoti Primary School werd me verteld dat een van de kinderen, die we daar sponsoren, al een half jaar niet meer naar school kon als gevolg van een val. Dat was Domini Sherpa, die al slecht kon lopen doordat ze haar rechter knie niet <a class=\"moretag\" href=\"https:\/\/stichtingmilijuli.org\/wordpress.php\/domini\/\">Read More &#8230;<\/a><\/p>\n","protected":false},"author":1,"featured_media":0,"parent":0,"menu_order":0,"comment_status":"closed","ping_status":"open","template":"full-width-page.php","meta":{"footnotes":""},"class_list":["post-21","page","type-page","status-publish","hentry"],"_links":{"self":[{"href":"https:\/\/stichtingmilijuli.org\/wordpress.php\/wp-json\/wp\/v2\/pages\/21","targetHints":{"allow":["GET"]}}],"collection":[{"href":"https:\/\/stichtingmilijuli.org\/wordpress.php\/wp-json\/wp\/v2\/pages"}],"about":[{"href":"https:\/\/stichtingmilijuli.org\/wordpress.php\/wp-json\/wp\/v2\/types\/page"}],"author":[{"embeddable":true,"href":"https:\/\/stichtingmilijuli.org\/wordpress.php\/wp-json\/wp\/v2\/users\/1"}],"replies":[{"embeddable":true,"href":"https:\/\/stichtingmilijuli.org\/wordpress.php\/wp-json\/wp\/v2\/comments?post=21"}],"version-history":[{"count":4,"href":"https:\/\/stichtingmilijuli.org\/wordpress.php\/wp-json\/wp\/v2\/pages\/21\/revisions"}],"predecessor-version":[{"id":385,"href":"https:\/\/stichtingmilijuli.org\/wordpress.php\/wp-json\/wp\/v2\/pages\/21\/revisions\/385"}],"wp:attachment":[{"href":"https:\/\/stichtingmilijuli.org\/wordpress.php\/wp-json\/wp\/v2\/media?parent=21"}],"curies":[{"name":"wp","href":"https:\/\/api.w.org\/{rel}","templated":true}]}}